{"id":37160,"date":"2024-06-11T14:32:50","date_gmt":"2024-06-11T18:32:50","guid":{"rendered":"https:\/\/dev.aqm.ca\/historique\/"},"modified":"2024-06-27T14:47:15","modified_gmt":"2024-06-27T18:47:15","slug":"history","status":"publish","type":"page","link":"https:\/\/marionnettes.quebec\/en\/history\/","title":{"rendered":"History"},"content":{"rendered":"[vc_row type=&#8221;in_container&#8221; full_screen_row_position=&#8221;middle&#8221; column_margin=&#8221;default&#8221; column_direction=&#8221;default&#8221; column_direction_tablet=&#8221;default&#8221; column_direction_phone=&#8221;default&#8221; scene_position=&#8221;center&#8221; text_color=&#8221;dark&#8221; text_align=&#8221;left&#8221; row_border_radius=&#8221;none&#8221; row_border_radius_applies=&#8221;bg&#8221; overflow=&#8221;visible&#8221; overlay_strength=&#8221;0.3&#8243; gradient_direction=&#8221;left_to_right&#8221; shape_divider_color=&#8221;#1c72a1&#8243; shape_divider_position=&#8221;bottom&#8221; shape_divider_height=&#8221;50&#8243; bg_image_animation=&#8221;none&#8221; gradient_type=&#8221;default&#8221; shape_type=&#8221;tilt&#8221;][vc_column column_padding=&#8221;no-extra-padding&#8221; column_padding_tablet=&#8221;inherit&#8221; column_padding_phone=&#8221;inherit&#8221; column_padding_position=&#8221;all&#8221; bottom_margin=&#8221;0&#8243; column_element_direction_desktop=&#8221;default&#8221; column_element_spacing=&#8221;default&#8221; desktop_text_alignment=&#8221;default&#8221; tablet_text_alignment=&#8221;default&#8221; phone_text_alignment=&#8221;default&#8221; background_color_opacity=&#8221;1&#8243; background_hover_color_opacity=&#8221;1&#8243; column_backdrop_filter=&#8221;none&#8221; column_shadow=&#8221;none&#8221; column_border_radius=&#8221;none&#8221; column_link_target=&#8221;_self&#8221; column_position=&#8221;default&#8221; gradient_direction=&#8221;left_to_right&#8221; overlay_strength=&#8221;0.3&#8243; width=&#8221;1\/1&#8243; tablet_width_inherit=&#8221;default&#8221; animation_type=&#8221;default&#8221; bg_image_animation=&#8221;none&#8221; border_type=&#8221;simple&#8221; column_border_width=&#8221;none&#8221; column_border_style=&#8221;solid&#8221; column_padding_type=&#8221;default&#8221; gradient_type=&#8221;default&#8221;][vc_custom_heading text=&#8221;Fond\u00e9e en 1981 par des passionn\u00e9s des arts de la marionnette, l\u2019AQM a connu une croissance organique au cours de ses vingt premi\u00e8res ann\u00e9es, gr\u00e2ce \u00e0 l\u2019engagement de ses fondateurs, administrateurs et b\u00e9n\u00e9voles.&#8221; font_container=&#8221;tag:h2|font_size:1.3em|text_align:left|color:%231573a1|line_height:1.3em&#8221; google_fonts=&#8221;font_family:Nunito%3A300%2Cregular%2C700|font_style:400%20regular%3A400%3Anormal&#8221; css=&#8221;&#8221;][\/vc_column][\/vc_row][vc_row type=&#8221;full_width_background&#8221; full_screen_row_position=&#8221;middle&#8221; column_margin=&#8221;default&#8221; column_direction=&#8221;default&#8221; column_direction_tablet=&#8221;default&#8221; column_direction_phone=&#8221;default&#8221; bg_color=&#8221;#eaeade&#8221; scene_position=&#8221;center&#8221; top_padding=&#8221;010&#8243; constrain_group_1=&#8221;yes&#8221; bottom_padding=&#8221;010&#8243; text_color=&#8221;dark&#8221; text_align=&#8221;left&#8221; row_border_radius=&#8221;none&#8221; row_border_radius_applies=&#8221;bg&#8221; overflow=&#8221;visible&#8221; overlay_strength=&#8221;0.3&#8243; gradient_direction=&#8221;left_to_right&#8221; enable_shape_divider=&#8221;true&#8221; shape_divider_color=&#8221;#ffffff&#8221; shape_divider_position=&#8221;top&#8221; shape_divider_height=&#8221;25&#8243; shape_divider_bring_to_front=&#8221;true&#8221; bg_image_animation=&#8221;none&#8221; gradient_type=&#8221;default&#8221; shape_type=&#8221;tilt&#8221;][vc_column column_padding=&#8221;no-extra-padding&#8221; column_padding_tablet=&#8221;inherit&#8221; column_padding_phone=&#8221;inherit&#8221; column_padding_position=&#8221;all&#8221; column_element_direction_desktop=&#8221;default&#8221; column_element_spacing=&#8221;default&#8221; desktop_text_alignment=&#8221;default&#8221; tablet_text_alignment=&#8221;default&#8221; phone_text_alignment=&#8221;default&#8221; background_color_opacity=&#8221;1&#8243; background_hover_color_opacity=&#8221;1&#8243; column_backdrop_filter=&#8221;none&#8221; column_shadow=&#8221;none&#8221; column_border_radius=&#8221;none&#8221; column_link_target=&#8221;_self&#8221; column_position=&#8221;default&#8221; gradient_direction=&#8221;left_to_right&#8221; overlay_strength=&#8221;0.3&#8243; width=&#8221;1\/1&#8243; tablet_width_inherit=&#8221;default&#8221; animation_type=&#8221;default&#8221; bg_image_animation=&#8221;none&#8221; border_type=&#8221;simple&#8221; column_border_width=&#8221;none&#8221; column_border_style=&#8221;solid&#8221; column_padding_type=&#8221;default&#8221; gradient_type=&#8221;default&#8221;][image_with_animation image_url=&#8221;36361&#8243; image_size=&#8221;full&#8221; animation_type=&#8221;entrance&#8221; animation=&#8221;None&#8221; animation_movement_type=&#8221;transform_y&#8221; hover_animation=&#8221;none&#8221; alignment=&#8221;center&#8221; border_radius=&#8221;none&#8221; box_shadow=&#8221;none&#8221; image_loading=&#8221;default&#8221; max_width=&#8221;100%&#8221; max_width_mobile=&#8221;default&#8221; margin_top=&#8221;40px&#8221;][vc_column_text css=&#8221;&#8221; text_direction=&#8221;default&#8221;]\n<p style=\"text-align: center;\"><b>Photo des membres fondateurs : <\/b>Jos\u00e9e Campanale, Jacinthe Chabot, Michel P. Ranger, Pierre Tremblay, Andr\u00e9 Viens<\/p>\n[\/vc_column_text][\/vc_column][\/vc_row][vc_row type=&#8221;in_container&#8221; full_screen_row_position=&#8221;middle&#8221; column_margin=&#8221;default&#8221; column_direction=&#8221;default&#8221; column_direction_tablet=&#8221;default&#8221; column_direction_phone=&#8221;default&#8221; scene_position=&#8221;center&#8221; top_padding=&#8221;50&#8243; bottom_padding=&#8221;50&#8243; text_color=&#8221;dark&#8221; text_align=&#8221;left&#8221; row_border_radius=&#8221;none&#8221; row_border_radius_applies=&#8221;bg&#8221; overflow=&#8221;visible&#8221; overlay_strength=&#8221;0.3&#8243; gradient_direction=&#8221;left_to_right&#8221; shape_divider_color=&#8221;#1c72a1&#8243; shape_divider_position=&#8221;bottom&#8221; shape_divider_height=&#8221;50&#8243; bg_image_animation=&#8221;none&#8221; gradient_type=&#8221;default&#8221; shape_type=&#8221;tilt&#8221;][vc_column column_padding=&#8221;no-extra-padding&#8221; column_padding_tablet=&#8221;inherit&#8221; column_padding_phone=&#8221;inherit&#8221; column_padding_position=&#8221;all&#8221; bottom_margin=&#8221;0&#8243; column_element_direction_desktop=&#8221;default&#8221; column_element_spacing=&#8221;default&#8221; desktop_text_alignment=&#8221;default&#8221; tablet_text_alignment=&#8221;default&#8221; phone_text_alignment=&#8221;default&#8221; background_color_opacity=&#8221;1&#8243; background_hover_color_opacity=&#8221;1&#8243; column_backdrop_filter=&#8221;none&#8221; column_shadow=&#8221;none&#8221; column_border_radius=&#8221;none&#8221; column_link_target=&#8221;_self&#8221; column_position=&#8221;default&#8221; gradient_direction=&#8221;left_to_right&#8221; overlay_strength=&#8221;0.3&#8243; width=&#8221;1\/1&#8243; tablet_width_inherit=&#8221;default&#8221; animation_type=&#8221;default&#8221; bg_image_animation=&#8221;none&#8221; border_type=&#8221;simple&#8221; column_border_width=&#8221;none&#8221; column_border_style=&#8221;solid&#8221; column_padding_type=&#8221;default&#8221; gradient_type=&#8221;default&#8221;][vc_row_inner column_margin=&#8221;default&#8221; column_direction=&#8221;default&#8221; column_direction_tablet=&#8221;default&#8221; column_direction_phone=&#8221;default&#8221; bottom_padding=&#8221;0&#8243; text_align=&#8221;left&#8221; row_position=&#8221;default&#8221; row_position_tablet=&#8221;inherit&#8221; row_position_phone=&#8221;inherit&#8221; overflow=&#8221;visible&#8221; pointer_events=&#8221;all&#8221; css=&#8221;.vc_custom_1714753864991{padding-top: 30px !important;padding-bottom: 30px !important;}&#8221;][vc_column_inner column_padding=&#8221;no-extra-padding&#8221; column_padding_tablet=&#8221;inherit&#8221; column_padding_phone=&#8221;inherit&#8221; column_padding_position=&#8221;all&#8221; column_element_direction_desktop=&#8221;default&#8221; column_element_spacing=&#8221;default&#8221; desktop_text_alignment=&#8221;default&#8221; tablet_text_alignment=&#8221;default&#8221; phone_text_alignment=&#8221;default&#8221; background_color_opacity=&#8221;1&#8243; background_hover_color_opacity=&#8221;1&#8243; column_backdrop_filter=&#8221;none&#8221; column_shadow=&#8221;none&#8221; column_border_radius=&#8221;none&#8221; column_link_target=&#8221;_self&#8221; overflow=&#8221;visible&#8221; gradient_direction=&#8221;left_to_right&#8221; overlay_strength=&#8221;0.3&#8243; width=&#8221;1\/1&#8243; tablet_width_inherit=&#8221;default&#8221; animation_type=&#8221;default&#8221; bg_image_animation=&#8221;none&#8221; border_type=&#8221;simple&#8221; column_border_width=&#8221;none&#8221; column_border_style=&#8221;solid&#8221;][vc_column_text css=&#8221;.vc_custom_1719513957882{padding-left: 20px !important;}&#8221; text_direction=&#8221;default&#8221;]<strong>\u00c0 partir de l&#8217;an 2000, l&#8217;obtention d&#8217;un financement r\u00e9gulier<\/strong> a marqu\u00e9 un tournant majeur pour l&#8217;AQM, lui permettant d&#8217;embaucher son premier coordonnateur, St\u00e9phane Guy. Ce nouveau souffle a donn\u00e9 lieu \u00e0 une expansion significative de ses activit\u00e9s, qui se sont structur\u00e9es autour de rencontres, formations, colloques et publications.<\/p>\n<p><strong>L&#8217;association a su \u00e9tablir des partenariats fructueux<\/strong>, notamment avec <a href=\"https:\/\/casteliers.ca\/\" target=\"_blank\" rel=\"noopener\">Casteliers<\/a>, qui a donn\u00e9 naissance \u00e0 la <a href=\"https:\/\/marionnettes.quebec\/maison-international-des-arts-de-la-marionnette\/\">Maison Internationale des Arts de la Marionnette<\/a> (MIAM). Depuis 2018, la MIAM est devenue le c\u0153ur battant de la communaut\u00e9 des marionnettistes qu\u00e9b\u00e9cois, offrant un lieu de r\u00e9sidence et d&#8217;inspiration pour de nouveaux projets et initiatives, tels que le programme de r\u00e9sidence de cr\u00e9ation, l&#8217;<a href=\"https:\/\/marionnettes.quebec\/ce-que-nous-faisons\/\">Universit\u00e9 populaire des arts de la marionnette<\/a> (UPAM) et les <a href=\"https:\/\/marionnettes.quebec\/ce-que-nous-faisons\/\">Cercles de pratique<\/a>.<\/p>\n<p>Gr\u00e2ce \u00e0 des soutiens financiers suppl\u00e9mentaires \ufe63 Comp\u00e9tence Culture, Conseil des arts du Canada et Conseil des arts et des lettres du Qu\u00e9bec \ufe63, l&#8217;AQM peut r\u00e9aliser des projets ambitieux, parmi lesquels <strong>la cr\u00e9ation du portail num\u00e9rique des arts de la marionnette, <a href=\"https:\/\/marionnet.ca\/\" target=\"_blank\" rel=\"noopener\">marionNET.ca<\/a><\/strong>, mis en ligne en 2024.<\/p>\n<p>La pand\u00e9mie de COVID-19 a \u00e9t\u00e9 une \u00e9poque de d\u00e9fis, mais aussi d&#8217;introspection pour l&#8217;AQM. La MIAM a jou\u00e9 un r\u00f4le crucial en offrant un espace pour maintenir les activit\u00e9s des organismes fondateurs. Cette p\u00e9riode a renforc\u00e9 l&#8217;engagement de l&#8217;AQM envers ses membres, en mettant l&#8217;accent sur leurs besoins imm\u00e9diats.<\/p>\n<p>En 2021, le 40e anniversaire de l&#8217;AQM\u00a0 \u00e9tait soulign\u00e9 par l\u2019organisation du colloque <i>Terra Marionetta,<\/i> r\u00e9unissant des artistes et des chercheurs pour c\u00e9l\u00e9brer la vitalit\u00e9 de la pratique marionnettique et les r\u00e9alisations de l&#8217;association. Cette ann\u00e9e-l\u00e0, l&#8217;AQM a lanc\u00e9 sa premi\u00e8re campagne de financement, cultivant ainsi une culture philanthropique en ad\u00e9quation avec sa mission.<\/p>\n<p>En tant que section qu\u00e9b\u00e9coise de l&#8217;<a href=\"https:\/\/www.unimacanada.com\/\" target=\"_blank\" rel=\"noopener\">UNIMA-Canada<\/a>, l&#8217;AQM a r\u00e9cemment lanc\u00e9 un parcours de classes de ma\u00eetres dans tout le pays, d\u00e9montrant ainsi son expertise dans le domaine. Elle a \u00e9galement mis en \u0153uvre un programme ambitieux visant \u00e0 valoriser les p\u00f4les structurants en cr\u00e9ation et diffusion au Qu\u00e9bec, soutenant le d\u00e9veloppement de la rel\u00e8ve et favorisant la cr\u00e9ation d&#8217;un r\u00e9seau de sc\u00e8nes amies de\u00a0 la marionnette.[\/vc_column_text][\/vc_column_inner][\/vc_row_inner][\/vc_column][\/vc_row][vc_row type=&#8221;in_container&#8221; full_screen_row_position=&#8221;middle&#8221; column_margin=&#8221;default&#8221; column_direction=&#8221;default&#8221; column_direction_tablet=&#8221;default&#8221; column_direction_phone=&#8221;default&#8221; bg_color=&#8221;#e9ebde&#8221; scene_position=&#8221;center&#8221; top_padding=&#8221;-250&#8243; bottom_padding=&#8221;0&#8243; top_padding_tablet=&#8221;-200&#8243; top_padding_phone=&#8221;-200&#8243; text_color=&#8221;dark&#8221; text_align=&#8221;left&#8221; row_border_radius=&#8221;none&#8221; row_border_radius_applies=&#8221;bg&#8221; overflow=&#8221;visible&#8221; overlay_strength=&#8221;0.3&#8243; gradient_direction=&#8221;left_to_right&#8221; enable_shape_divider=&#8221;true&#8221; shape_divider_color=&#8221;#ffffff&#8221; shape_divider_position=&#8221;top&#8221; shape_divider_height=&#8221;25&#8243; bg_image_animation=&#8221;none&#8221; gradient_type=&#8221;default&#8221; shape_type=&#8221;tilt_alt&#8221;][vc_column column_padding=&#8221;no-extra-padding&#8221; column_padding_tablet=&#8221;inherit&#8221; column_padding_phone=&#8221;inherit&#8221; column_padding_position=&#8221;all&#8221; column_element_direction_desktop=&#8221;default&#8221; column_element_spacing=&#8221;default&#8221; desktop_text_alignment=&#8221;default&#8221; tablet_text_alignment=&#8221;default&#8221; phone_text_alignment=&#8221;default&#8221; background_color_opacity=&#8221;1&#8243; background_hover_color_opacity=&#8221;1&#8243; column_backdrop_filter=&#8221;none&#8221; column_shadow=&#8221;none&#8221; column_border_radius=&#8221;none&#8221; column_link_target=&#8221;_self&#8221; column_position=&#8221;default&#8221; gradient_direction=&#8221;left_to_right&#8221; overlay_strength=&#8221;0.3&#8243; width=&#8221;1\/1&#8243; tablet_width_inherit=&#8221;default&#8221; animation_type=&#8221;default&#8221; bg_image_animation=&#8221;none&#8221; border_type=&#8221;simple&#8221; column_border_width=&#8221;none&#8221; column_border_style=&#8221;solid&#8221;][nectar_post_grid post_type=&#8221;custom&#8221; cpt_name=&#8221;membre&#8221; order=&#8221;ASC&#8221; orderby=&#8221;title&#8221; pagination=&#8221;none&#8221; columns=&#8221;3&#8243; columns_tablet=&#8221;default&#8221; columns_phone=&#8221;default&#8221; grid_item_spacing=&#8221;25px&#8221; grid_item_height=&#8221;30vh&#8221; 3_col_masonry_layout=&#8221;default&#8221; image_size=&#8221;medium&#8221; image_loading=&#8221;default&#8221; animation=&#8221;none&#8221; animation_stagger=&#8221;90&#8243; animation_easing=&#8221;default&#8221; heading_tag=&#8221;default&#8221; additional_meta_size=&#8221;default&#8221; grid_style=&#8221;content_under_image&#8221; content_under_image_text_align=&#8221;left&#8221; text_color=&#8221;dark&#8221; hover_effect=&#8221;zoom&#8221; border_radius=&#8221;none&#8221; posts_per_page=&#8221;5&#8243; display_type=&#8221;grid&#8221; custom_query_tax=&#8221;2307&#8243;][\/vc_column][\/vc_row]\n","protected":false},"excerpt":{"rendered":"<p>[vc_row type=&#8221;in_container&#8221; full_screen_row_position=&#8221;middle&#8221; column_margin=&#8221;default&#8221; column_direction=&#8221;default&#8221; column_direction_tablet=&#8221;default&#8221; column_direction_phone=&#8221;default&#8221; scene_position=&#8221;center&#8221; text_color=&#8221;dark&#8221; text_align=&#8221;left&#8221; row_border_radius=&#8221;none&#8221; row_border_radius_applies=&#8221;bg&#8221; overflow=&#8221;visible&#8221; overlay_strength=&#8221;0.3&#8243; gradient_direction=&#8221;left_to_right&#8221; shape_divider_color=&#8221;#1c72a1&#8243; shape_divider_position=&#8221;bottom&#8221; shape_divider_height=&#8221;50&#8243; bg_image_animation=&#8221;none&#8221; gradient_type=&#8221;default&#8221; shape_type=&#8221;tilt&#8221;][vc_column column_padding=&#8221;no-extra-padding&#8221; column_padding_tablet=&#8221;inherit&#8221; column_padding_phone=&#8221;inherit&#8221; column_padding_position=&#8221;all&#8221;&#8230;<\/p>\n","protected":false},"author":354,"featured_media":0,"parent":0,"menu_order":0,"comment_status":"closed","ping_status":"closed","template":"","meta":{"_acf_changed":false,"inline_featured_image":false,"footnotes":""},"auteur_portail":[],"autre-portail":[],"categorie_portail":[],"langue-portail":[],"metier-portail":[],"techniques-portail":[],"type-mario-portail":[],"class_list":["post-37160","page","type-page","status-publish"],"acf":[],"yoast_head":"<!-- This site is optimized with the Yoast SEO plugin v26.8 - https:\/\/yoast.com\/product\/yoast-seo-wordpress\/ -->\n<title>History - Association qu\u00e9b\u00e9coise des marionnettistes<\/title>\n<meta name=\"robots\" content=\"index, follow, max-snippet:-1, max-image-preview:large, max-video-preview:-1\" \/>\n<link rel=\"canonical\" href=\"https:\/\/marionnettes.quebec\/en\/history\/\" \/>\n<meta property=\"og:locale\" content=\"en_US\" \/>\n<meta property=\"og:type\" content=\"article\" \/>\n<meta property=\"og:title\" content=\"History - Association qu\u00e9b\u00e9coise des marionnettistes\" \/>\n<meta property=\"og:description\" content=\"[vc_row type=&#8221;in_container&#8221; full_screen_row_position=&#8221;middle&#8221; column_margin=&#8221;default&#8221; column_direction=&#8221;default&#8221; column_direction_tablet=&#8221;default&#8221; column_direction_phone=&#8221;default&#8221; scene_position=&#8221;center&#8221; text_color=&#8221;dark&#8221; text_align=&#8221;left&#8221; row_border_radius=&#8221;none&#8221; row_border_radius_applies=&#8221;bg&#8221; overflow=&#8221;visible&#8221; overlay_strength=&#8221;0.3&#8243; gradient_direction=&#8221;left_to_right&#8221; shape_divider_color=&#8221;#1c72a1&#8243; shape_divider_position=&#8221;bottom&#8221; shape_divider_height=&#8221;50&#8243; bg_image_animation=&#8221;none&#8221; gradient_type=&#8221;default&#8221; shape_type=&#8221;tilt&#8221;][vc_column column_padding=&#8221;no-extra-padding&#8221; column_padding_tablet=&#8221;inherit&#8221; column_padding_phone=&#8221;inherit&#8221; column_padding_position=&#8221;all&#8221;...\" \/>\n<meta property=\"og:url\" content=\"https:\/\/marionnettes.quebec\/en\/history\/\" \/>\n<meta property=\"og:site_name\" content=\"Association qu\u00e9b\u00e9coise des marionnettistes\" \/>\n<meta property=\"article:publisher\" content=\"https:\/\/www.facebook.com\/AQMarionnettistes\/\" \/>\n<meta property=\"article:modified_time\" content=\"2024-06-27T18:47:15+00:00\" \/>\n<meta name=\"twitter:card\" content=\"summary_large_image\" \/>\n<meta name=\"twitter:label1\" content=\"Est. reading time\" \/>\n\t<meta name=\"twitter:data1\" content=\"5 minutes\" \/>\n<script type=\"application\/ld+json\" class=\"yoast-schema-graph\">{\"@context\":\"https:\/\/schema.org\",\"@graph\":[{\"@type\":\"WebPage\",\"@id\":\"https:\/\/marionnettes.quebec\/en\/history\/\",\"url\":\"https:\/\/marionnettes.quebec\/en\/history\/\",\"name\":\"History - Association qu\u00e9b\u00e9coise des marionnettistes\",\"isPartOf\":{\"@id\":\"https:\/\/marionnettes.quebec\/en\/#website\"},\"datePublished\":\"2024-06-11T18:32:50+00:00\",\"dateModified\":\"2024-06-27T18:47:15+00:00\",\"breadcrumb\":{\"@id\":\"https:\/\/marionnettes.quebec\/en\/history\/#breadcrumb\"},\"inLanguage\":\"en-US\",\"potentialAction\":[{\"@type\":\"ReadAction\",\"target\":[\"https:\/\/marionnettes.quebec\/en\/history\/\"]}]},{\"@type\":\"BreadcrumbList\",\"@id\":\"https:\/\/marionnettes.quebec\/en\/history\/#breadcrumb\",\"itemListElement\":[{\"@type\":\"ListItem\",\"position\":1,\"name\":\"Accueil\",\"item\":\"https:\/\/marionnettes.quebec\/en\/\"},{\"@type\":\"ListItem\",\"position\":2,\"name\":\"History\"}]},{\"@type\":\"WebSite\",\"@id\":\"https:\/\/marionnettes.quebec\/en\/#website\",\"url\":\"https:\/\/marionnettes.quebec\/en\/\",\"name\":\"Association qu\u00e9b\u00e9coise des marionnettistes\",\"description\":\"\",\"publisher\":{\"@id\":\"https:\/\/marionnettes.quebec\/en\/#organization\"},\"potentialAction\":[{\"@type\":\"SearchAction\",\"target\":{\"@type\":\"EntryPoint\",\"urlTemplate\":\"https:\/\/marionnettes.quebec\/en\/?s={search_term_string}\"},\"query-input\":{\"@type\":\"PropertyValueSpecification\",\"valueRequired\":true,\"valueName\":\"search_term_string\"}}],\"inLanguage\":\"en-US\"},{\"@type\":\"Organization\",\"@id\":\"https:\/\/marionnettes.quebec\/en\/#organization\",\"name\":\"L'Association qu\u00e9b\u00e9coise des marionnettistes\",\"url\":\"https:\/\/marionnettes.quebec\/en\/\",\"logo\":{\"@type\":\"ImageObject\",\"inLanguage\":\"en-US\",\"@id\":\"https:\/\/marionnettes.quebec\/en\/#\/schema\/logo\/image\/\",\"url\":\"https:\/\/marionnettes.quebec\/wp-content\/uploads\/2016\/10\/logo_aqm_bleu_standard_10.jpg\",\"contentUrl\":\"https:\/\/marionnettes.quebec\/wp-content\/uploads\/2016\/10\/logo_aqm_bleu_standard_10.jpg\",\"width\":709,\"height\":768,\"caption\":\"L'Association qu\u00e9b\u00e9coise des marionnettistes\"},\"image\":{\"@id\":\"https:\/\/marionnettes.quebec\/en\/#\/schema\/logo\/image\/\"},\"sameAs\":[\"https:\/\/www.facebook.com\/AQMarionnettistes\/\"]}]}<\/script>\n<!-- \/ Yoast SEO plugin. -->","yoast_head_json":{"title":"History - Association qu\u00e9b\u00e9coise des marionnettistes","robots":{"index":"index","follow":"follow","max-snippet":"max-snippet:-1","max-image-preview":"max-image-preview:large","max-video-preview":"max-video-preview:-1"},"canonical":"https:\/\/marionnettes.quebec\/en\/history\/","og_locale":"en_US","og_type":"article","og_title":"History - Association qu\u00e9b\u00e9coise des marionnettistes","og_description":"[vc_row type=&#8221;in_container&#8221; full_screen_row_position=&#8221;middle&#8221; column_margin=&#8221;default&#8221; column_direction=&#8221;default&#8221; column_direction_tablet=&#8221;default&#8221; column_direction_phone=&#8221;default&#8221; scene_position=&#8221;center&#8221; text_color=&#8221;dark&#8221; text_align=&#8221;left&#8221; row_border_radius=&#8221;none&#8221; row_border_radius_applies=&#8221;bg&#8221; overflow=&#8221;visible&#8221; overlay_strength=&#8221;0.3&#8243; gradient_direction=&#8221;left_to_right&#8221; shape_divider_color=&#8221;#1c72a1&#8243; shape_divider_position=&#8221;bottom&#8221; shape_divider_height=&#8221;50&#8243; bg_image_animation=&#8221;none&#8221; gradient_type=&#8221;default&#8221; shape_type=&#8221;tilt&#8221;][vc_column column_padding=&#8221;no-extra-padding&#8221; column_padding_tablet=&#8221;inherit&#8221; column_padding_phone=&#8221;inherit&#8221; column_padding_position=&#8221;all&#8221;...","og_url":"https:\/\/marionnettes.quebec\/en\/history\/","og_site_name":"Association qu\u00e9b\u00e9coise des marionnettistes","article_publisher":"https:\/\/www.facebook.com\/AQMarionnettistes\/","article_modified_time":"2024-06-27T18:47:15+00:00","twitter_card":"summary_large_image","twitter_misc":{"Est. reading time":"5 minutes"},"schema":{"@context":"https:\/\/schema.org","@graph":[{"@type":"WebPage","@id":"https:\/\/marionnettes.quebec\/en\/history\/","url":"https:\/\/marionnettes.quebec\/en\/history\/","name":"History - Association qu\u00e9b\u00e9coise des marionnettistes","isPartOf":{"@id":"https:\/\/marionnettes.quebec\/en\/#website"},"datePublished":"2024-06-11T18:32:50+00:00","dateModified":"2024-06-27T18:47:15+00:00","breadcrumb":{"@id":"https:\/\/marionnettes.quebec\/en\/history\/#breadcrumb"},"inLanguage":"en-US","potentialAction":[{"@type":"ReadAction","target":["https:\/\/marionnettes.quebec\/en\/history\/"]}]},{"@type":"BreadcrumbList","@id":"https:\/\/marionnettes.quebec\/en\/history\/#breadcrumb","itemListElement":[{"@type":"ListItem","position":1,"name":"Accueil","item":"https:\/\/marionnettes.quebec\/en\/"},{"@type":"ListItem","position":2,"name":"History"}]},{"@type":"WebSite","@id":"https:\/\/marionnettes.quebec\/en\/#website","url":"https:\/\/marionnettes.quebec\/en\/","name":"Association qu\u00e9b\u00e9coise des marionnettistes","description":"","publisher":{"@id":"https:\/\/marionnettes.quebec\/en\/#organization"},"potentialAction":[{"@type":"SearchAction","target":{"@type":"EntryPoint","urlTemplate":"https:\/\/marionnettes.quebec\/en\/?s={search_term_string}"},"query-input":{"@type":"PropertyValueSpecification","valueRequired":true,"valueName":"search_term_string"}}],"inLanguage":"en-US"},{"@type":"Organization","@id":"https:\/\/marionnettes.quebec\/en\/#organization","name":"L'Association qu\u00e9b\u00e9coise des marionnettistes","url":"https:\/\/marionnettes.quebec\/en\/","logo":{"@type":"ImageObject","inLanguage":"en-US","@id":"https:\/\/marionnettes.quebec\/en\/#\/schema\/logo\/image\/","url":"https:\/\/marionnettes.quebec\/wp-content\/uploads\/2016\/10\/logo_aqm_bleu_standard_10.jpg","contentUrl":"https:\/\/marionnettes.quebec\/wp-content\/uploads\/2016\/10\/logo_aqm_bleu_standard_10.jpg","width":709,"height":768,"caption":"L'Association qu\u00e9b\u00e9coise des marionnettistes"},"image":{"@id":"https:\/\/marionnettes.quebec\/en\/#\/schema\/logo\/image\/"},"sameAs":["https:\/\/www.facebook.com\/AQMarionnettistes\/"]}]}},"_links":{"self":[{"href":"https:\/\/marionnettes.quebec\/en\/wp-json\/wp\/v2\/pages\/37160","targetHints":{"allow":["GET"]}}],"collection":[{"href":"https:\/\/marionnettes.quebec\/en\/wp-json\/wp\/v2\/pages"}],"about":[{"href":"https:\/\/marionnettes.quebec\/en\/wp-json\/wp\/v2\/types\/page"}],"author":[{"embeddable":true,"href":"https:\/\/marionnettes.quebec\/en\/wp-json\/wp\/v2\/users\/354"}],"replies":[{"embeddable":true,"href":"https:\/\/marionnettes.quebec\/en\/wp-json\/wp\/v2\/comments?post=37160"}],"version-history":[{"count":0,"href":"https:\/\/marionnettes.quebec\/en\/wp-json\/wp\/v2\/pages\/37160\/revisions"}],"wp:attachment":[{"href":"https:\/\/marionnettes.quebec\/en\/wp-json\/wp\/v2\/media?parent=37160"}],"wp:term":[{"taxonomy":"auteur_portail","embeddable":true,"href":"https:\/\/marionnettes.quebec\/en\/wp-json\/wp\/v2\/auteur_portail?post=37160"},{"taxonomy":"autre-portail","embeddable":true,"href":"https:\/\/marionnettes.quebec\/en\/wp-json\/wp\/v2\/autre-portail?post=37160"},{"taxonomy":"categorie_portail","embeddable":true,"href":"https:\/\/marionnettes.quebec\/en\/wp-json\/wp\/v2\/categorie_portail?post=37160"},{"taxonomy":"langue-portail","embeddable":true,"href":"https:\/\/marionnettes.quebec\/en\/wp-json\/wp\/v2\/langue-portail?post=37160"},{"taxonomy":"metier-portail","embeddable":true,"href":"https:\/\/marionnettes.quebec\/en\/wp-json\/wp\/v2\/metier-portail?post=37160"},{"taxonomy":"techniques-portail","embeddable":true,"href":"https:\/\/marionnettes.quebec\/en\/wp-json\/wp\/v2\/techniques-portail?post=37160"},{"taxonomy":"type-mario-portail","embeddable":true,"href":"https:\/\/marionnettes.quebec\/en\/wp-json\/wp\/v2\/type-mario-portail?post=37160"}],"curies":[{"name":"wp","href":"https:\/\/api.w.org\/{rel}","templated":true}]}}